{"id":10,"date":"2022-03-10T15:04:45","date_gmt":"2022-03-10T14:04:45","guid":{"rendered":"http:\/\/www.leonard-psychologue.fr\/?page_id=10"},"modified":"2025-07-18T17:31:25","modified_gmt":"2025-07-18T15:31:25","slug":"qui-suis-je-psychologue-emdr","status":"publish","type":"page","link":"https:\/\/www.leonard-psychologue.fr\/index.php\/qui-suis-je-psychologue-emdr\/","title":{"rendered":"Qui suis-je ?"},"content":{"rendered":"\n<p>Voici quelques \u00e9l\u00e9ments sur mon parcours de formation ainsi que les r\u00e9f\u00e9rences de mes publications et communications.<\/p>\n\n\n\n<p>Parcours :<\/p>\n\n\n\n<p><\/p>\n\n\n\n<ul class=\"wp-block-list\">\n<li>Praticien en Trauma Integrating Flow Therapy (TIFT)<\/li>\n\n\n\n<li>Praticien et superviseur adulte accr\u00e9dit\u00e9 EMDR Europe<\/li>\n\n\n\n<li>Praticien et superviseur enfants\/ados accr\u00e9dit\u00e9 EMDR Europe<\/li>\n\n\n\n<li>Praticien accr\u00e9dit\u00e9 en Brainspotting, USA David Grand<\/li>\n\n\n\n<li>IADC &#8211; <em>Induced After Death Communication<\/em>, pr\u00e9sent\u00e9e en France par Olivier Chambon<\/li>\n\n\n\n<li>Hypnose m\u00e9dicale, Association fran\u00e7aise pour l\u2019\u00e9tude de l\u2019hypnose m\u00e9dicale (AFEHM) avec Jean-Marc BENHAIEM et Fran\u00e7ois ROUSTANG, facult\u00e9 de m\u00e9decine Paris VI<\/li>\n\n\n\n<li>Psychopathologie du vieillissement et des probl\u00e9matiques narcissiques, G. LE GOUES, SPP<\/li>\n\n\n\n<li>Analyse personnelle avec Gis\u00e8le CHABOUDEZ, membre de l\u2019Espace Analytique<\/li>\n\n\n\n<li>Master de psychologie et psychopathologie, Universit\u00e9 Paris V Ren\u00e9 Descartes<\/li>\n<\/ul>\n\n\n\n<p><\/p>\n\n\n\n<p>Publications et conf\u00e9rences :<\/p>\n\n\n\n<ul class=\"wp-block-list\">\n<li><em>EMDR et prise en charge du psychotrauma chez l\u2019adolescent,<\/em> Conf\u00e9rence de l&rsquo;AIRE, 2017<\/li>\n\n\n\n<li>\u00ab&nbsp;Liens d&rsquo;attachements et psychisme inconscient au regard de la maladie d&rsquo;Alzheimer&nbsp;\u00bb, <em>G\u00e9rontologie et soci\u00e9t\u00e9<\/em>, 2016<\/li>\n\n\n\n<li><em>La maladie d&rsquo;Alzheimer, troubles du comportement, quelles r\u00e9ponses<\/em> ? Table ronde, H\u00f4pital Emile Roux (94), 2015<\/li>\n\n\n\n<li><em>Ouverture d&rsquo;un service UCC : quelles difficult\u00e9s ? Quels enjeux ? Quelles perspectives ?<\/em> I. Fonseca, F. L\u00e9onard, poster pour le congr\u00e8s national des UCC, 2014<\/li>\n\n\n\n<li><em>Choix entre libert\u00e9 et s\u00e9curit\u00e9, o\u00f9 mettre le curseur&nbsp;?<\/em> table ronde, Congr\u00e8s national de g\u00e9rontologie, 2015<\/li>\n\n\n\n<li><em>La prise en charge non-m\u00e9dicamenteuse<\/em>, conf\u00e9rence H\u00f4pital Emile Roux (94), 2013<\/li>\n\n\n\n<li><em>L&rsquo;art de vieillir<\/em>, conf\u00e9rence CODERPA 94, 2013<\/li>\n\n\n\n<li><em>Suicide des personnes \u00e2g\u00e9es, lever le tabou<\/em>, N. Colombe (Interview\u00e9 comme expert), ASH 2011<\/li>\n\n\n\n<li><em>L&rsquo;aide psychologique au domicile<\/em>, reportage TV, le magazine de la sant\u00e9, France 5, 2011<\/li>\n\n\n\n<li><em>Qualit\u00e9 de vie des personnes en pertes d&rsquo;autonomie<\/em>, cycle de conf\u00e9rences CODERPA 94, 2010<\/li>\n<\/ul>\n\n\n\n<hr class=\"wp-block-separator has-css-opacity\"\/>\n\n\n\n<p><\/p>\n\n\n\n<p><\/p>\n\n\n\n<p><\/p>\n\n\n\n<figure class=\"wp-block-image\"><img decoding=\"async\" src=\"https:\/\/live.staticflickr.com\/65535\/51300099780_dc5d225e1e_b.jpg\" alt=\"Green Land\"\/><\/figure>\n","protected":false},"excerpt":{"rendered":"<p>Voici quelques \u00e9l\u00e9ments sur mon parcours de formation ainsi que les r\u00e9f\u00e9rences de mes publications et communications. Parcours : Publications et conf\u00e9rences :<\/p>\n","protected":false},"author":1,"featured_media":0,"parent":0,"menu_order":0,"comment_status":"closed","ping_status":"closed","template":"","meta":{"footnotes":""},"class_list":["post-10","page","type-page","status-publish","hentry"],"yoast_head":"<!-- This site is optimized with the Yoast SEO plugin v25.2 - https:\/\/yoast.com\/wordpress\/plugins\/seo\/ -->\n<title>Qui suis-je ?<\/title>\n<meta name=\"description\" content=\"Florent L\u00e9onard, psychologue EMDR. Parcours, publications professionnelles et interventions en tables rondes et podcasts.\" \/>\n<meta name=\"robots\" content=\"index, follow, max-snippet:-1, max-image-preview:large, max-video-preview:-1\" \/>\n<link rel=\"canonical\" href=\"https:\/\/www.leonard-psychologue.fr\/index.php\/qui-suis-je-psychologue-emdr\/\" \/>\n<meta property=\"og:locale\" content=\"fr_FR\" \/>\n<meta property=\"og:type\" content=\"article\" \/>\n<meta property=\"og:title\" content=\"Qui suis-je ?\" \/>\n<meta property=\"og:description\" content=\"Florent L\u00e9onard, psychologue EMDR. Parcours, publications professionnelles et interventions en tables rondes et podcasts.\" \/>\n<meta property=\"og:url\" content=\"https:\/\/www.leonard-psychologue.fr\/index.php\/qui-suis-je-psychologue-emdr\/\" \/>\n<meta property=\"og:site_name\" content=\"Th\u00e9rapie EMDR\" \/>\n<meta property=\"article:modified_time\" content=\"2025-07-18T15:31:25+00:00\" \/>\n<meta property=\"og:image\" content=\"https:\/\/live.staticflickr.com\/65535\/51300099780_dc5d225e1e_b.jpg\" \/>\n<meta name=\"twitter:card\" content=\"summary_large_image\" \/>\n<meta name=\"twitter:label1\" content=\"Dur\u00e9e de lecture estim\u00e9e\" \/>\n\t<meta name=\"twitter:data1\" content=\"2 minutes\" \/>\n<script type=\"application\/ld+json\" class=\"yoast-schema-graph\">{\"@context\":\"https:\/\/schema.org\",\"@graph\":[{\"@type\":\"WebPage\",\"@id\":\"https:\/\/www.leonard-psychologue.fr\/index.php\/qui-suis-je-psychologue-emdr\/\",\"url\":\"https:\/\/www.leonard-psychologue.fr\/index.php\/qui-suis-je-psychologue-emdr\/\",\"name\":\"Qui suis-je ?\",\"isPartOf\":{\"@id\":\"https:\/\/www.leonard-psychologue.fr\/#website\"},\"primaryImageOfPage\":{\"@id\":\"https:\/\/www.leonard-psychologue.fr\/index.php\/qui-suis-je-psychologue-emdr\/#primaryimage\"},\"image\":{\"@id\":\"https:\/\/www.leonard-psychologue.fr\/index.php\/qui-suis-je-psychologue-emdr\/#primaryimage\"},\"thumbnailUrl\":\"https:\/\/live.staticflickr.com\/65535\/51300099780_dc5d225e1e_b.jpg\",\"datePublished\":\"2022-03-10T14:04:45+00:00\",\"dateModified\":\"2025-07-18T15:31:25+00:00\",\"description\":\"Florent L\u00e9onard, psychologue EMDR. Parcours, publications professionnelles et interventions en tables rondes et podcasts.\",\"breadcrumb\":{\"@id\":\"https:\/\/www.leonard-psychologue.fr\/index.php\/qui-suis-je-psychologue-emdr\/#breadcrumb\"},\"inLanguage\":\"fr-FR\",\"potentialAction\":[{\"@type\":\"ReadAction\",\"target\":[\"https:\/\/www.leonard-psychologue.fr\/index.php\/qui-suis-je-psychologue-emdr\/\"]}]},{\"@type\":\"ImageObject\",\"inLanguage\":\"fr-FR\",\"@id\":\"https:\/\/www.leonard-psychologue.fr\/index.php\/qui-suis-je-psychologue-emdr\/#primaryimage\",\"url\":\"https:\/\/live.staticflickr.com\/65535\/51300099780_dc5d225e1e_b.jpg\",\"contentUrl\":\"https:\/\/live.staticflickr.com\/65535\/51300099780_dc5d225e1e_b.jpg\"},{\"@type\":\"BreadcrumbList\",\"@id\":\"https:\/\/www.leonard-psychologue.fr\/index.php\/qui-suis-je-psychologue-emdr\/#breadcrumb\",\"itemListElement\":[{\"@type\":\"ListItem\",\"position\":1,\"name\":\"Home\",\"item\":\"https:\/\/www.leonard-psychologue.fr\/\"},{\"@type\":\"ListItem\",\"position\":2,\"name\":\"Qui suis-je ?\"}]},{\"@type\":\"WebSite\",\"@id\":\"https:\/\/www.leonard-psychologue.fr\/#website\",\"url\":\"https:\/\/www.leonard-psychologue.fr\/\",\"name\":\"Th\u00e9rapie EMDR - Accr\u00e9dit\u00e9 EMDR Europe\",\"description\":\"Psychologue \u00e0 Vincennes\",\"publisher\":{\"@id\":\"https:\/\/www.leonard-psychologue.fr\/#organization\"},\"alternateName\":\"Th\u00e9rapie EMDR Paris\",\"potentialAction\":[{\"@type\":\"SearchAction\",\"target\":{\"@type\":\"EntryPoint\",\"urlTemplate\":\"https:\/\/www.leonard-psychologue.fr\/?s={search_term_string}\"},\"query-input\":{\"@type\":\"PropertyValueSpecification\",\"valueRequired\":true,\"valueName\":\"search_term_string\"}}],\"inLanguage\":\"fr-FR\"},{\"@type\":\"Organization\",\"@id\":\"https:\/\/www.leonard-psychologue.fr\/#organization\",\"name\":\"Th\u00e9rapie EMDR - Accr\u00e9dit\u00e9 EMDR Europe\",\"url\":\"https:\/\/www.leonard-psychologue.fr\/\",\"logo\":{\"@type\":\"ImageObject\",\"inLanguage\":\"fr-FR\",\"@id\":\"https:\/\/www.leonard-psychologue.fr\/#\/schema\/logo\/image\/\",\"url\":\"https:\/\/www.leonard-psychologue.fr\/wp-content\/uploads\/2022\/03\/Psy_logo.jpg\",\"contentUrl\":\"https:\/\/www.leonard-psychologue.fr\/wp-content\/uploads\/2022\/03\/Psy_logo.jpg\",\"width\":378,\"height\":353,\"caption\":\"Th\u00e9rapie EMDR - Accr\u00e9dit\u00e9 EMDR Europe\"},\"image\":{\"@id\":\"https:\/\/www.leonard-psychologue.fr\/#\/schema\/logo\/image\/\"}}]}<\/script>\n<!-- \/ Yoast SEO plugin. -->","yoast_head_json":{"title":"Qui suis-je ?","description":"Florent L\u00e9onard, psychologue EMDR. Parcours, publications professionnelles et interventions en tables rondes et podcasts.","robots":{"index":"index","follow":"follow","max-snippet":"max-snippet:-1","max-image-preview":"max-image-preview:large","max-video-preview":"max-video-preview:-1"},"canonical":"https:\/\/www.leonard-psychologue.fr\/index.php\/qui-suis-je-psychologue-emdr\/","og_locale":"fr_FR","og_type":"article","og_title":"Qui suis-je ?","og_description":"Florent L\u00e9onard, psychologue EMDR. Parcours, publications professionnelles et interventions en tables rondes et podcasts.","og_url":"https:\/\/www.leonard-psychologue.fr\/index.php\/qui-suis-je-psychologue-emdr\/","og_site_name":"Th\u00e9rapie EMDR","article_modified_time":"2025-07-18T15:31:25+00:00","og_image":[{"url":"https:\/\/live.staticflickr.com\/65535\/51300099780_dc5d225e1e_b.jpg","type":"","width":"","height":""}],"twitter_card":"summary_large_image","twitter_misc":{"Dur\u00e9e de lecture estim\u00e9e":"2 minutes"},"schema":{"@context":"https:\/\/schema.org","@graph":[{"@type":"WebPage","@id":"https:\/\/www.leonard-psychologue.fr\/index.php\/qui-suis-je-psychologue-emdr\/","url":"https:\/\/www.leonard-psychologue.fr\/index.php\/qui-suis-je-psychologue-emdr\/","name":"Qui suis-je ?","isPartOf":{"@id":"https:\/\/www.leonard-psychologue.fr\/#website"},"primaryImageOfPage":{"@id":"https:\/\/www.leonard-psychologue.fr\/index.php\/qui-suis-je-psychologue-emdr\/#primaryimage"},"image":{"@id":"https:\/\/www.leonard-psychologue.fr\/index.php\/qui-suis-je-psychologue-emdr\/#primaryimage"},"thumbnailUrl":"https:\/\/live.staticflickr.com\/65535\/51300099780_dc5d225e1e_b.jpg","datePublished":"2022-03-10T14:04:45+00:00","dateModified":"2025-07-18T15:31:25+00:00","description":"Florent L\u00e9onard, psychologue EMDR. Parcours, publications professionnelles et interventions en tables rondes et podcasts.","breadcrumb":{"@id":"https:\/\/www.leonard-psychologue.fr\/index.php\/qui-suis-je-psychologue-emdr\/#breadcrumb"},"inLanguage":"fr-FR","potentialAction":[{"@type":"ReadAction","target":["https:\/\/www.leonard-psychologue.fr\/index.php\/qui-suis-je-psychologue-emdr\/"]}]},{"@type":"ImageObject","inLanguage":"fr-FR","@id":"https:\/\/www.leonard-psychologue.fr\/index.php\/qui-suis-je-psychologue-emdr\/#primaryimage","url":"https:\/\/live.staticflickr.com\/65535\/51300099780_dc5d225e1e_b.jpg","contentUrl":"https:\/\/live.staticflickr.com\/65535\/51300099780_dc5d225e1e_b.jpg"},{"@type":"BreadcrumbList","@id":"https:\/\/www.leonard-psychologue.fr\/index.php\/qui-suis-je-psychologue-emdr\/#breadcrumb","itemListElement":[{"@type":"ListItem","position":1,"name":"Home","item":"https:\/\/www.leonard-psychologue.fr\/"},{"@type":"ListItem","position":2,"name":"Qui suis-je ?"}]},{"@type":"WebSite","@id":"https:\/\/www.leonard-psychologue.fr\/#website","url":"https:\/\/www.leonard-psychologue.fr\/","name":"Th\u00e9rapie EMDR - Accr\u00e9dit\u00e9 EMDR Europe","description":"Psychologue \u00e0 Vincennes","publisher":{"@id":"https:\/\/www.leonard-psychologue.fr\/#organization"},"alternateName":"Th\u00e9rapie EMDR Paris","potentialAction":[{"@type":"SearchAction","target":{"@type":"EntryPoint","urlTemplate":"https:\/\/www.leonard-psychologue.fr\/?s={search_term_string}"},"query-input":{"@type":"PropertyValueSpecification","valueRequired":true,"valueName":"search_term_string"}}],"inLanguage":"fr-FR"},{"@type":"Organization","@id":"https:\/\/www.leonard-psychologue.fr\/#organization","name":"Th\u00e9rapie EMDR - Accr\u00e9dit\u00e9 EMDR Europe","url":"https:\/\/www.leonard-psychologue.fr\/","logo":{"@type":"ImageObject","inLanguage":"fr-FR","@id":"https:\/\/www.leonard-psychologue.fr\/#\/schema\/logo\/image\/","url":"https:\/\/www.leonard-psychologue.fr\/wp-content\/uploads\/2022\/03\/Psy_logo.jpg","contentUrl":"https:\/\/www.leonard-psychologue.fr\/wp-content\/uploads\/2022\/03\/Psy_logo.jpg","width":378,"height":353,"caption":"Th\u00e9rapie EMDR - Accr\u00e9dit\u00e9 EMDR Europe"},"image":{"@id":"https:\/\/www.leonard-psychologue.fr\/#\/schema\/logo\/image\/"}}]}},"jetpack_sharing_enabled":true,"featured_media_urls":[],"_links":{"self":[{"href":"https:\/\/www.leonard-psychologue.fr\/index.php\/wp-json\/wp\/v2\/pages\/10"}],"collection":[{"href":"https:\/\/www.leonard-psychologue.fr\/index.php\/wp-json\/wp\/v2\/pages"}],"about":[{"href":"https:\/\/www.leonard-psychologue.fr\/index.php\/wp-json\/wp\/v2\/types\/page"}],"author":[{"embeddable":true,"href":"https:\/\/www.leonard-psychologue.fr\/index.php\/wp-json\/wp\/v2\/users\/1"}],"replies":[{"embeddable":true,"href":"https:\/\/www.leonard-psychologue.fr\/index.php\/wp-json\/wp\/v2\/comments?post=10"}],"version-history":[{"count":21,"href":"https:\/\/www.leonard-psychologue.fr\/index.php\/wp-json\/wp\/v2\/pages\/10\/revisions"}],"predecessor-version":[{"id":537,"href":"https:\/\/www.leonard-psychologue.fr\/index.php\/wp-json\/wp\/v2\/pages\/10\/revisions\/537"}],"wp:attachment":[{"href":"https:\/\/www.leonard-psychologue.fr\/index.php\/wp-json\/wp\/v2\/media?parent=10"}],"curies":[{"name":"wp","href":"https:\/\/api.w.org\/{rel}","templated":true}]}}