{"id":132,"date":"2022-03-17T10:35:13","date_gmt":"2022-03-17T09:35:13","guid":{"rendered":"https:\/\/www.leonard-psychologue.fr\/?page_id=132"},"modified":"2025-07-18T17:13:22","modified_gmt":"2025-07-18T15:13:22","slug":"psychotherapie-nourrissons-enfants-ados","status":"publish","type":"page","link":"https:\/\/www.leonard-psychologue.fr\/index.php\/psychotherapie-nourrissons-enfants-ados\/","title":{"rendered":"Nourrissons, enfants et adolescents"},"content":{"rendered":"\n<h1 class=\"wp-block-heading\"><\/h1>\n\n\n\n<p><strong>Pour les nourrissons, enfants et adolescents\u00a0:<\/strong><\/p>\n\n\n\n<p>Pour les mineurs, l\u2019autorisation parentale des deux parents est requise, sauf parent isol\u00e9 qui exerce seul l\u2019autorit\u00e9 parentale ou injonction de soins.<\/p>\n\n\n\n<p>G\u00e9n\u00e9ralement, la pr\u00e9sence des deux parents est demand\u00e9e lors du 1<sup>er<\/sup> entretien, sauf exception.<\/p>\n\n\n\n<p>Les s\u00e9ances de th\u00e9rapie en EMDR sont accessibles \u00e0 tout \u00e2ge&nbsp;:<\/p>\n\n\n\n<p><strong>Pour les nourrissons<\/strong>, il s\u2019agit souvent de&nbsp;:<\/p>\n\n\n\n<ul class=\"wp-block-list\"><li>Probl\u00e8mes de sommeil<\/li><li>Difficult\u00e9s d\u2019alimentation, refus de la prise du sein ou du biberon<\/li><li>Difficult\u00e9s \u00e0 \u00eatre en lien avec la personne qui s\u2019occupe du lui<\/li><li>S\u00e9quelles de situation stressante, comme des op\u00e9rations \u00e0 la naissance, un accouchement difficile, d\u00e9c\u00e8s d\u2019un membre de la fratrie<\/li><li>Nourrisson qui pleure beaucoup, qui \u00ab\u00a0chouine\u00a0\u00bb<\/li><\/ul>\n\n\n\n<p>A savoir&nbsp;: Dans la th\u00e9rapie EMDR, nous consid\u00e9rons que l\u2019enfant m\u00eame s\u2019il a sa propre personnalit\u00e9 et sa propre histoire est aussi parfois le r\u00e9ceptacle \u00e9motionnel de ses parents. De ce fait, il arrive que certains \u00e9v\u00e9nements ne perturbent pas seulement l\u2019enfant mais impactent \u00e9galement le v\u00e9cu \u00e9motionnel des parents. Dans cette situation, des s\u00e9ances de travail en famille et en individuel peuvent \u00eatre propos\u00e9es pour aider l\u2019ensemble de la famille \u00e0 aller mieux.<\/p>\n\n\n\n<p><strong>Pour les enfants et les adolescents&nbsp;:<\/strong><\/p>\n\n\n\n<p>Au d\u00e9part, l\u2019enfant a besoin de la pr\u00e9sence d\u2019un de ses parents pendant la s\u00e9ance. Plus il connait le processus th\u00e9rapeutique et plus il est grand, moins il aura besoin de son parent pendant la s\u00e9ance.<\/p>\n\n\n\n<p>Les difficult\u00e9s trait\u00e9es sont les m\u00eames que pour les tout-petits mais il y a une adaptation de la m\u00e9thodologie pour chaque \u00e2ge et un ajustement \u00e0 la difficult\u00e9 rencontr\u00e9e.<\/p>\n\n\n\n<p>Au moment de la pr\u00e9-adolescence\/adolescence, les s\u00e9ances ressemblent \u00e0 celle propos\u00e9es aux adultes mais restent toujours adapt\u00e9es aux besoin de l\u2019enfant\/adolescent.<\/p>\n\n\n\n<p><strong>On peut traiter&nbsp;:<\/strong><\/p>\n\n\n\n<ul class=\"wp-block-list\"><li>Les troubles du sommeil, la peur du noir, de s\u2019endormir seul<\/li><li>Les troubles de l\u2019alimentation, refus, difficult\u00e9 \u00e0 manger seul<\/li><li>Les col\u00e8res, enfant qui \u00ab&nbsp;n\u2019\u00e9coute pas&nbsp;\u00bb, n\u2019en fait \u00ab&nbsp;qu\u2019\u00e0 sa t\u00eate&nbsp;\u00bb<\/li><li>Les difficult\u00e9s de concentration, \u00e0 se mettre au travail<\/li><li>L\u2019\u00e9nur\u00e9sie<\/li><li>Toutes les difficult\u00e9s dues aux probl\u00e8mes des adultes&nbsp;: divorces, disputes, violences, abus<\/li><li>Addictions en tout genre (jeux vid\u00e9o, cannabis, etc.)<\/li><li>Difficult\u00e9s \u00e0 se faire des amis, \u00e0 s\u2019\u00e9panouir<\/li><li>Etc.<\/li><\/ul>\n\n\n\n<p>Il est aussi possible de travailler sur l\u2019am\u00e9lioration des performances, qu\u2019elles soient scolaires, sportives ou artistiques\u00a0!<\/p>\n\n\n\n<figure class=\"wp-block-image size-full\"><img fetchpriority=\"high\" decoding=\"async\" width=\"867\" height=\"1300\" src=\"https:\/\/www.leonard-psychologue.fr\/wp-content\/uploads\/2022\/03\/pexels-photo-1648377.jpeg\" alt=\"smiling baby lying on white mat\" class=\"wp-image-234\" srcset=\"https:\/\/www.leonard-psychologue.fr\/wp-content\/uploads\/2022\/03\/pexels-photo-1648377.jpeg 867w, https:\/\/www.leonard-psychologue.fr\/wp-content\/uploads\/2022\/03\/pexels-photo-1648377-200x300.jpeg 200w, https:\/\/www.leonard-psychologue.fr\/wp-content\/uploads\/2022\/03\/pexels-photo-1648377-683x1024.jpeg 683w, https:\/\/www.leonard-psychologue.fr\/wp-content\/uploads\/2022\/03\/pexels-photo-1648377-768x1152.jpeg 768w, https:\/\/www.leonard-psychologue.fr\/wp-content\/uploads\/2022\/03\/pexels-photo-1648377-77x116.jpeg 77w\" sizes=\"(max-width: 867px) 100vw, 867px\" \/><figcaption>Photo by Victoria Borodinova on <a href=\"https:\/\/www.pexels.com\/photo\/smiling-baby-lying-on-white-mat-1648377\/\" rel=\"nofollow\">Pexels.com<\/a><\/figcaption><\/figure>\n","protected":false},"excerpt":{"rendered":"<p>Pour les nourrissons, enfants et adolescents\u00a0: Pour les mineurs, l\u2019autorisation parentale des deux parents est requise, sauf parent isol\u00e9 qui exerce seul l\u2019autorit\u00e9 parentale ou injonction de soins. G\u00e9n\u00e9ralement, la pr\u00e9sence des deux parents est demand\u00e9e lors du 1er entretien, sauf exception. Les s\u00e9ances de th\u00e9rapie en EMDR sont accessibles \u00e0 tout \u00e2ge&nbsp;: Pour les [&hellip;]<\/p>\n","protected":false},"author":1,"featured_media":0,"parent":0,"menu_order":0,"comment_status":"closed","ping_status":"closed","template":"","meta":{"footnotes":""},"class_list":["post-132","page","type-page","status-publish","hentry"],"yoast_head":"<!-- This site is optimized with the Yoast SEO plugin v25.2 - https:\/\/yoast.com\/wordpress\/plugins\/seo\/ -->\n<title>Nourrissons, enfants et adolescents<\/title>\n<meta name=\"description\" content=\"Troubles du sommeil, difficult\u00e9s \u00e0 \u00eatre en lien ou difficult\u00e9s de concentration...\u00e0 travailler dans des s\u00e9ances en famille ou en individuel.\" \/>\n<meta name=\"robots\" content=\"index, follow, max-snippet:-1, max-image-preview:large, max-video-preview:-1\" \/>\n<link rel=\"canonical\" href=\"https:\/\/www.leonard-psychologue.fr\/index.php\/psychotherapie-nourrissons-enfants-ados\/\" \/>\n<meta property=\"og:locale\" content=\"fr_FR\" \/>\n<meta property=\"og:type\" content=\"article\" \/>\n<meta property=\"og:title\" content=\"Nourrissons, enfants et adolescents\" \/>\n<meta property=\"og:description\" content=\"Troubles du sommeil, difficult\u00e9s \u00e0 \u00eatre en lien ou difficult\u00e9s de concentration...\u00e0 travailler dans des s\u00e9ances en famille ou en individuel.\" \/>\n<meta property=\"og:url\" content=\"https:\/\/www.leonard-psychologue.fr\/index.php\/psychotherapie-nourrissons-enfants-ados\/\" \/>\n<meta property=\"og:site_name\" content=\"Th\u00e9rapie EMDR\" \/>\n<meta property=\"article:modified_time\" content=\"2025-07-18T15:13:22+00:00\" \/>\n<meta property=\"og:image\" content=\"https:\/\/www.leonard-psychologue.fr\/wp-content\/uploads\/2022\/03\/pexels-photo-1648377.jpeg\" \/>\n\t<meta property=\"og:image:width\" content=\"867\" \/>\n\t<meta property=\"og:image:height\" content=\"1300\" \/>\n\t<meta property=\"og:image:type\" content=\"image\/jpeg\" \/>\n<meta name=\"twitter:card\" content=\"summary_large_image\" \/>\n<meta name=\"twitter:label1\" content=\"Dur\u00e9e de lecture estim\u00e9e\" \/>\n\t<meta name=\"twitter:data1\" content=\"3 minutes\" \/>\n<script type=\"application\/ld+json\" class=\"yoast-schema-graph\">{\"@context\":\"https:\/\/schema.org\",\"@graph\":[{\"@type\":\"WebPage\",\"@id\":\"https:\/\/www.leonard-psychologue.fr\/index.php\/psychotherapie-nourrissons-enfants-ados\/\",\"url\":\"https:\/\/www.leonard-psychologue.fr\/index.php\/psychotherapie-nourrissons-enfants-ados\/\",\"name\":\"Nourrissons, enfants et adolescents\",\"isPartOf\":{\"@id\":\"https:\/\/www.leonard-psychologue.fr\/#website\"},\"primaryImageOfPage\":{\"@id\":\"https:\/\/www.leonard-psychologue.fr\/index.php\/psychotherapie-nourrissons-enfants-ados\/#primaryimage\"},\"image\":{\"@id\":\"https:\/\/www.leonard-psychologue.fr\/index.php\/psychotherapie-nourrissons-enfants-ados\/#primaryimage\"},\"thumbnailUrl\":\"https:\/\/www.leonard-psychologue.fr\/wp-content\/uploads\/2022\/03\/pexels-photo-1648377.jpeg\",\"datePublished\":\"2022-03-17T09:35:13+00:00\",\"dateModified\":\"2025-07-18T15:13:22+00:00\",\"description\":\"Troubles du sommeil, difficult\u00e9s \u00e0 \u00eatre en lien ou difficult\u00e9s de concentration...\u00e0 travailler dans des s\u00e9ances en famille ou en individuel.\",\"breadcrumb\":{\"@id\":\"https:\/\/www.leonard-psychologue.fr\/index.php\/psychotherapie-nourrissons-enfants-ados\/#breadcrumb\"},\"inLanguage\":\"fr-FR\",\"potentialAction\":[{\"@type\":\"ReadAction\",\"target\":[\"https:\/\/www.leonard-psychologue.fr\/index.php\/psychotherapie-nourrissons-enfants-ados\/\"]}]},{\"@type\":\"ImageObject\",\"inLanguage\":\"fr-FR\",\"@id\":\"https:\/\/www.leonard-psychologue.fr\/index.php\/psychotherapie-nourrissons-enfants-ados\/#primaryimage\",\"url\":\"https:\/\/www.leonard-psychologue.fr\/wp-content\/uploads\/2022\/03\/pexels-photo-1648377.jpeg\",\"contentUrl\":\"https:\/\/www.leonard-psychologue.fr\/wp-content\/uploads\/2022\/03\/pexels-photo-1648377.jpeg\",\"width\":867,\"height\":1300,\"caption\":\"Photo by Victoria Borodinova on Pexels.com\"},{\"@type\":\"BreadcrumbList\",\"@id\":\"https:\/\/www.leonard-psychologue.fr\/index.php\/psychotherapie-nourrissons-enfants-ados\/#breadcrumb\",\"itemListElement\":[{\"@type\":\"ListItem\",\"position\":1,\"name\":\"Home\",\"item\":\"https:\/\/www.leonard-psychologue.fr\/\"},{\"@type\":\"ListItem\",\"position\":2,\"name\":\"Nourrissons, enfants et adolescents\"}]},{\"@type\":\"WebSite\",\"@id\":\"https:\/\/www.leonard-psychologue.fr\/#website\",\"url\":\"https:\/\/www.leonard-psychologue.fr\/\",\"name\":\"Th\u00e9rapie EMDR - Accr\u00e9dit\u00e9 EMDR Europe\",\"description\":\"Psychologue \u00e0 Vincennes\",\"publisher\":{\"@id\":\"https:\/\/www.leonard-psychologue.fr\/#organization\"},\"alternateName\":\"Th\u00e9rapie EMDR Paris\",\"potentialAction\":[{\"@type\":\"SearchAction\",\"target\":{\"@type\":\"EntryPoint\",\"urlTemplate\":\"https:\/\/www.leonard-psychologue.fr\/?s={search_term_string}\"},\"query-input\":{\"@type\":\"PropertyValueSpecification\",\"valueRequired\":true,\"valueName\":\"search_term_string\"}}],\"inLanguage\":\"fr-FR\"},{\"@type\":\"Organization\",\"@id\":\"https:\/\/www.leonard-psychologue.fr\/#organization\",\"name\":\"Th\u00e9rapie EMDR - Accr\u00e9dit\u00e9 EMDR Europe\",\"url\":\"https:\/\/www.leonard-psychologue.fr\/\",\"logo\":{\"@type\":\"ImageObject\",\"inLanguage\":\"fr-FR\",\"@id\":\"https:\/\/www.leonard-psychologue.fr\/#\/schema\/logo\/image\/\",\"url\":\"https:\/\/www.leonard-psychologue.fr\/wp-content\/uploads\/2022\/03\/Psy_logo.jpg\",\"contentUrl\":\"https:\/\/www.leonard-psychologue.fr\/wp-content\/uploads\/2022\/03\/Psy_logo.jpg\",\"width\":378,\"height\":353,\"caption\":\"Th\u00e9rapie EMDR - Accr\u00e9dit\u00e9 EMDR Europe\"},\"image\":{\"@id\":\"https:\/\/www.leonard-psychologue.fr\/#\/schema\/logo\/image\/\"}}]}<\/script>\n<!-- \/ Yoast SEO plugin. -->","yoast_head_json":{"title":"Nourrissons, enfants et adolescents","description":"Troubles du sommeil, difficult\u00e9s \u00e0 \u00eatre en lien ou difficult\u00e9s de concentration...\u00e0 travailler dans des s\u00e9ances en famille ou en individuel.","robots":{"index":"index","follow":"follow","max-snippet":"max-snippet:-1","max-image-preview":"max-image-preview:large","max-video-preview":"max-video-preview:-1"},"canonical":"https:\/\/www.leonard-psychologue.fr\/index.php\/psychotherapie-nourrissons-enfants-ados\/","og_locale":"fr_FR","og_type":"article","og_title":"Nourrissons, enfants et adolescents","og_description":"Troubles du sommeil, difficult\u00e9s \u00e0 \u00eatre en lien ou difficult\u00e9s de concentration...\u00e0 travailler dans des s\u00e9ances en famille ou en individuel.","og_url":"https:\/\/www.leonard-psychologue.fr\/index.php\/psychotherapie-nourrissons-enfants-ados\/","og_site_name":"Th\u00e9rapie EMDR","article_modified_time":"2025-07-18T15:13:22+00:00","og_image":[{"width":867,"height":1300,"url":"https:\/\/www.leonard-psychologue.fr\/wp-content\/uploads\/2022\/03\/pexels-photo-1648377.jpeg","type":"image\/jpeg"}],"twitter_card":"summary_large_image","twitter_misc":{"Dur\u00e9e de lecture estim\u00e9e":"3 minutes"},"schema":{"@context":"https:\/\/schema.org","@graph":[{"@type":"WebPage","@id":"https:\/\/www.leonard-psychologue.fr\/index.php\/psychotherapie-nourrissons-enfants-ados\/","url":"https:\/\/www.leonard-psychologue.fr\/index.php\/psychotherapie-nourrissons-enfants-ados\/","name":"Nourrissons, enfants et adolescents","isPartOf":{"@id":"https:\/\/www.leonard-psychologue.fr\/#website"},"primaryImageOfPage":{"@id":"https:\/\/www.leonard-psychologue.fr\/index.php\/psychotherapie-nourrissons-enfants-ados\/#primaryimage"},"image":{"@id":"https:\/\/www.leonard-psychologue.fr\/index.php\/psychotherapie-nourrissons-enfants-ados\/#primaryimage"},"thumbnailUrl":"https:\/\/www.leonard-psychologue.fr\/wp-content\/uploads\/2022\/03\/pexels-photo-1648377.jpeg","datePublished":"2022-03-17T09:35:13+00:00","dateModified":"2025-07-18T15:13:22+00:00","description":"Troubles du sommeil, difficult\u00e9s \u00e0 \u00eatre en lien ou difficult\u00e9s de concentration...\u00e0 travailler dans des s\u00e9ances en famille ou en individuel.","breadcrumb":{"@id":"https:\/\/www.leonard-psychologue.fr\/index.php\/psychotherapie-nourrissons-enfants-ados\/#breadcrumb"},"inLanguage":"fr-FR","potentialAction":[{"@type":"ReadAction","target":["https:\/\/www.leonard-psychologue.fr\/index.php\/psychotherapie-nourrissons-enfants-ados\/"]}]},{"@type":"ImageObject","inLanguage":"fr-FR","@id":"https:\/\/www.leonard-psychologue.fr\/index.php\/psychotherapie-nourrissons-enfants-ados\/#primaryimage","url":"https:\/\/www.leonard-psychologue.fr\/wp-content\/uploads\/2022\/03\/pexels-photo-1648377.jpeg","contentUrl":"https:\/\/www.leonard-psychologue.fr\/wp-content\/uploads\/2022\/03\/pexels-photo-1648377.jpeg","width":867,"height":1300,"caption":"Photo by Victoria Borodinova on Pexels.com"},{"@type":"BreadcrumbList","@id":"https:\/\/www.leonard-psychologue.fr\/index.php\/psychotherapie-nourrissons-enfants-ados\/#breadcrumb","itemListElement":[{"@type":"ListItem","position":1,"name":"Home","item":"https:\/\/www.leonard-psychologue.fr\/"},{"@type":"ListItem","position":2,"name":"Nourrissons, enfants et adolescents"}]},{"@type":"WebSite","@id":"https:\/\/www.leonard-psychologue.fr\/#website","url":"https:\/\/www.leonard-psychologue.fr\/","name":"Th\u00e9rapie EMDR - Accr\u00e9dit\u00e9 EMDR Europe","description":"Psychologue \u00e0 Vincennes","publisher":{"@id":"https:\/\/www.leonard-psychologue.fr\/#organization"},"alternateName":"Th\u00e9rapie EMDR Paris","potentialAction":[{"@type":"SearchAction","target":{"@type":"EntryPoint","urlTemplate":"https:\/\/www.leonard-psychologue.fr\/?s={search_term_string}"},"query-input":{"@type":"PropertyValueSpecification","valueRequired":true,"valueName":"search_term_string"}}],"inLanguage":"fr-FR"},{"@type":"Organization","@id":"https:\/\/www.leonard-psychologue.fr\/#organization","name":"Th\u00e9rapie EMDR - Accr\u00e9dit\u00e9 EMDR Europe","url":"https:\/\/www.leonard-psychologue.fr\/","logo":{"@type":"ImageObject","inLanguage":"fr-FR","@id":"https:\/\/www.leonard-psychologue.fr\/#\/schema\/logo\/image\/","url":"https:\/\/www.leonard-psychologue.fr\/wp-content\/uploads\/2022\/03\/Psy_logo.jpg","contentUrl":"https:\/\/www.leonard-psychologue.fr\/wp-content\/uploads\/2022\/03\/Psy_logo.jpg","width":378,"height":353,"caption":"Th\u00e9rapie EMDR - Accr\u00e9dit\u00e9 EMDR Europe"},"image":{"@id":"https:\/\/www.leonard-psychologue.fr\/#\/schema\/logo\/image\/"}}]}},"jetpack_sharing_enabled":true,"featured_media_urls":[],"_links":{"self":[{"href":"https:\/\/www.leonard-psychologue.fr\/index.php\/wp-json\/wp\/v2\/pages\/132"}],"collection":[{"href":"https:\/\/www.leonard-psychologue.fr\/index.php\/wp-json\/wp\/v2\/pages"}],"about":[{"href":"https:\/\/www.leonard-psychologue.fr\/index.php\/wp-json\/wp\/v2\/types\/page"}],"author":[{"embeddable":true,"href":"https:\/\/www.leonard-psychologue.fr\/index.php\/wp-json\/wp\/v2\/users\/1"}],"replies":[{"embeddable":true,"href":"https:\/\/www.leonard-psychologue.fr\/index.php\/wp-json\/wp\/v2\/comments?post=132"}],"version-history":[{"count":9,"href":"https:\/\/www.leonard-psychologue.fr\/index.php\/wp-json\/wp\/v2\/pages\/132\/revisions"}],"predecessor-version":[{"id":947,"href":"https:\/\/www.leonard-psychologue.fr\/index.php\/wp-json\/wp\/v2\/pages\/132\/revisions\/947"}],"wp:attachment":[{"href":"https:\/\/www.leonard-psychologue.fr\/index.php\/wp-json\/wp\/v2\/media?parent=132"}],"curies":[{"name":"wp","href":"https:\/\/api.w.org\/{rel}","templated":true}]}}