{"id":327,"date":"2022-04-07T15:46:42","date_gmt":"2022-04-07T13:46:42","guid":{"rendered":"https:\/\/www.leonard-psychologue.fr\/?page_id=327"},"modified":"2025-07-18T17:29:20","modified_gmt":"2025-07-18T15:29:20","slug":"espace-pros","status":"publish","type":"page","link":"https:\/\/www.leonard-psychologue.fr\/index.php\/espace-pros\/","title":{"rendered":"Espace Professionnels"},"content":{"rendered":"\n<p>Les prestations suivantes sont r\u00e9serv\u00e9s aux professionnels de l&rsquo;EMDR, tous les groupes sont accr\u00e9dit\u00e9s EMDR Europe et donnent des points d&rsquo;accr\u00e9ditation ou de r\u00e9-accr\u00e9ditation. <\/p>\n\n\n\n<p>Je prose des dates chaque mois \u00e0 consulter dans l&rsquo;onglet \u00a0\u00bb supervisions \u00a0\u00bb de ce site !<br>Les groupes sont tous niveaux (accessible d\u00e8s le niveau 1) et ind\u00e9pendants les uns des autres.<\/p>\n\n\n\n<p>Les th\u00e8mes abord\u00e9s sont en fonction de vos besoins cliniques, par exemple:&nbsp;<\/p>\n\n\n\n<p>&#8211; Pour faire un point sur vos patients<br>&#8211; Revoir le protocole standard au regard des cas complexes<br>&#8211; Discuter des techniques de stabilisation<br>&#8211; R\u00e9pondre aux questions concernant l&rsquo;accr\u00e9ditation<br>&#8211; Clinique de l&rsquo;enfant et de l&rsquo;adolescent<br>&#8211; Deuil complexe<\/p>\n\n\n\n<p><br>Chaque groupe est ind\u00e9pendant, chacun vient avec son niveau et ses questions. &nbsp;<\/p>\n\n\n\n<p>Toutes les supervisions sont accr\u00e9dit\u00e9es EMDR Europe et donnent des points d&rsquo;accr\u00e9ditation et de r\u00e9-accr\u00e9ditation.<\/p>\n\n\n\n<p>Vous pouvez vous inscrire par retour de mail,<\/p>\n\n\n\n<p>En cas d&rsquo;annulation : gratuit une semaine avant, d\u00e9placement sur une date : gratuit jusqu&rsquo;\u00e0 la veille !<\/p>\n\n\n\n<p>A bient\u00f4t,<\/p>\n\n\n\n<p>Florent LEONARD<\/p>\n\n\n\n<p>Ps : Pour retrouve les informations sur la formations th\u00e9orique, <\/p>\n\n\n\n<p>merci de consulter www.emdr-france.org\/<\/p>\n\n\n\n<p><\/p>\n\n\n\n<p><\/p>\n","protected":false},"excerpt":{"rendered":"<p>Les prestations suivantes sont r\u00e9serv\u00e9s aux professionnels de l&rsquo;EMDR, tous les groupes sont accr\u00e9dit\u00e9s EMDR Europe et donnent des points d&rsquo;accr\u00e9ditation ou de r\u00e9-accr\u00e9ditation. Je prose des dates chaque mois \u00e0 consulter dans l&rsquo;onglet \u00a0\u00bb supervisions \u00a0\u00bb de ce site !Les groupes sont tous niveaux (accessible d\u00e8s le niveau 1) et ind\u00e9pendants les uns des [&hellip;]<\/p>\n","protected":false},"author":1,"featured_media":0,"parent":0,"menu_order":0,"comment_status":"closed","ping_status":"closed","template":"","meta":{"footnotes":""},"class_list":["post-327","page","type-page","status-publish","hentry"],"yoast_head":"<!-- This site is optimized with the Yoast SEO plugin v25.2 - https:\/\/yoast.com\/wordpress\/plugins\/seo\/ -->\n<title>Espace Professionnels<\/title>\n<meta name=\"description\" content=\"Espace d\u00e9di\u00e9 aux praticiens EMDR : supervisions cliniques, \u00e9changes entre pairs et accompagnement \u00e0 l\u2019accr\u00e9ditation EMDR Europe.\" \/>\n<meta name=\"robots\" content=\"index, follow, max-snippet:-1, max-image-preview:large, max-video-preview:-1\" \/>\n<link rel=\"canonical\" href=\"https:\/\/www.leonard-psychologue.fr\/index.php\/espace-pros\/\" \/>\n<meta property=\"og:locale\" content=\"fr_FR\" \/>\n<meta property=\"og:type\" content=\"article\" \/>\n<meta property=\"og:title\" content=\"Espace Professionnels\" \/>\n<meta property=\"og:description\" content=\"Espace d\u00e9di\u00e9 aux praticiens EMDR : supervisions cliniques, \u00e9changes entre pairs et accompagnement \u00e0 l\u2019accr\u00e9ditation EMDR Europe.\" \/>\n<meta property=\"og:url\" content=\"https:\/\/www.leonard-psychologue.fr\/index.php\/espace-pros\/\" \/>\n<meta property=\"og:site_name\" content=\"Th\u00e9rapie EMDR\" \/>\n<meta property=\"article:modified_time\" content=\"2025-07-18T15:29:20+00:00\" \/>\n<meta property=\"og:image\" content=\"https:\/\/www.leonard-psychologue.fr\/wp-content\/uploads\/2022\/03\/cropped-Psy_logo.jpg\" \/>\n\t<meta property=\"og:image:width\" content=\"512\" \/>\n\t<meta property=\"og:image:height\" content=\"512\" \/>\n\t<meta property=\"og:image:type\" content=\"image\/jpeg\" \/>\n<meta name=\"twitter:card\" content=\"summary_large_image\" \/>\n<meta name=\"twitter:label1\" content=\"Dur\u00e9e de lecture estim\u00e9e\" \/>\n\t<meta name=\"twitter:data1\" content=\"1 minute\" \/>\n<script type=\"application\/ld+json\" class=\"yoast-schema-graph\">{\"@context\":\"https:\/\/schema.org\",\"@graph\":[{\"@type\":\"WebPage\",\"@id\":\"https:\/\/www.leonard-psychologue.fr\/index.php\/espace-pros\/\",\"url\":\"https:\/\/www.leonard-psychologue.fr\/index.php\/espace-pros\/\",\"name\":\"Espace Professionnels\",\"isPartOf\":{\"@id\":\"https:\/\/www.leonard-psychologue.fr\/#website\"},\"datePublished\":\"2022-04-07T13:46:42+00:00\",\"dateModified\":\"2025-07-18T15:29:20+00:00\",\"description\":\"Espace d\u00e9di\u00e9 aux praticiens EMDR : supervisions cliniques, \u00e9changes entre pairs et accompagnement \u00e0 l\u2019accr\u00e9ditation EMDR Europe.\",\"breadcrumb\":{\"@id\":\"https:\/\/www.leonard-psychologue.fr\/index.php\/espace-pros\/#breadcrumb\"},\"inLanguage\":\"fr-FR\",\"potentialAction\":[{\"@type\":\"ReadAction\",\"target\":[\"https:\/\/www.leonard-psychologue.fr\/index.php\/espace-pros\/\"]}]},{\"@type\":\"BreadcrumbList\",\"@id\":\"https:\/\/www.leonard-psychologue.fr\/index.php\/espace-pros\/#breadcrumb\",\"itemListElement\":[{\"@type\":\"ListItem\",\"position\":1,\"name\":\"Home\",\"item\":\"https:\/\/www.leonard-psychologue.fr\/\"},{\"@type\":\"ListItem\",\"position\":2,\"name\":\"Espace Professionnels\"}]},{\"@type\":\"WebSite\",\"@id\":\"https:\/\/www.leonard-psychologue.fr\/#website\",\"url\":\"https:\/\/www.leonard-psychologue.fr\/\",\"name\":\"Th\u00e9rapie EMDR - Accr\u00e9dit\u00e9 EMDR Europe\",\"description\":\"Psychologue \u00e0 Vincennes\",\"publisher\":{\"@id\":\"https:\/\/www.leonard-psychologue.fr\/#organization\"},\"alternateName\":\"Th\u00e9rapie EMDR Paris\",\"potentialAction\":[{\"@type\":\"SearchAction\",\"target\":{\"@type\":\"EntryPoint\",\"urlTemplate\":\"https:\/\/www.leonard-psychologue.fr\/?s={search_term_string}\"},\"query-input\":{\"@type\":\"PropertyValueSpecification\",\"valueRequired\":true,\"valueName\":\"search_term_string\"}}],\"inLanguage\":\"fr-FR\"},{\"@type\":\"Organization\",\"@id\":\"https:\/\/www.leonard-psychologue.fr\/#organization\",\"name\":\"Th\u00e9rapie EMDR - Accr\u00e9dit\u00e9 EMDR Europe\",\"url\":\"https:\/\/www.leonard-psychologue.fr\/\",\"logo\":{\"@type\":\"ImageObject\",\"inLanguage\":\"fr-FR\",\"@id\":\"https:\/\/www.leonard-psychologue.fr\/#\/schema\/logo\/image\/\",\"url\":\"https:\/\/www.leonard-psychologue.fr\/wp-content\/uploads\/2022\/03\/Psy_logo.jpg\",\"contentUrl\":\"https:\/\/www.leonard-psychologue.fr\/wp-content\/uploads\/2022\/03\/Psy_logo.jpg\",\"width\":378,\"height\":353,\"caption\":\"Th\u00e9rapie EMDR - Accr\u00e9dit\u00e9 EMDR Europe\"},\"image\":{\"@id\":\"https:\/\/www.leonard-psychologue.fr\/#\/schema\/logo\/image\/\"}}]}<\/script>\n<!-- \/ Yoast SEO plugin. -->","yoast_head_json":{"title":"Espace Professionnels","description":"Espace d\u00e9di\u00e9 aux praticiens EMDR : supervisions cliniques, \u00e9changes entre pairs et accompagnement \u00e0 l\u2019accr\u00e9ditation EMDR Europe.","robots":{"index":"index","follow":"follow","max-snippet":"max-snippet:-1","max-image-preview":"max-image-preview:large","max-video-preview":"max-video-preview:-1"},"canonical":"https:\/\/www.leonard-psychologue.fr\/index.php\/espace-pros\/","og_locale":"fr_FR","og_type":"article","og_title":"Espace Professionnels","og_description":"Espace d\u00e9di\u00e9 aux praticiens EMDR : supervisions cliniques, \u00e9changes entre pairs et accompagnement \u00e0 l\u2019accr\u00e9ditation EMDR Europe.","og_url":"https:\/\/www.leonard-psychologue.fr\/index.php\/espace-pros\/","og_site_name":"Th\u00e9rapie EMDR","article_modified_time":"2025-07-18T15:29:20+00:00","og_image":[{"width":512,"height":512,"url":"https:\/\/www.leonard-psychologue.fr\/wp-content\/uploads\/2022\/03\/cropped-Psy_logo.jpg","type":"image\/jpeg"}],"twitter_card":"summary_large_image","twitter_misc":{"Dur\u00e9e de lecture estim\u00e9e":"1 minute"},"schema":{"@context":"https:\/\/schema.org","@graph":[{"@type":"WebPage","@id":"https:\/\/www.leonard-psychologue.fr\/index.php\/espace-pros\/","url":"https:\/\/www.leonard-psychologue.fr\/index.php\/espace-pros\/","name":"Espace Professionnels","isPartOf":{"@id":"https:\/\/www.leonard-psychologue.fr\/#website"},"datePublished":"2022-04-07T13:46:42+00:00","dateModified":"2025-07-18T15:29:20+00:00","description":"Espace d\u00e9di\u00e9 aux praticiens EMDR : supervisions cliniques, \u00e9changes entre pairs et accompagnement \u00e0 l\u2019accr\u00e9ditation EMDR Europe.","breadcrumb":{"@id":"https:\/\/www.leonard-psychologue.fr\/index.php\/espace-pros\/#breadcrumb"},"inLanguage":"fr-FR","potentialAction":[{"@type":"ReadAction","target":["https:\/\/www.leonard-psychologue.fr\/index.php\/espace-pros\/"]}]},{"@type":"BreadcrumbList","@id":"https:\/\/www.leonard-psychologue.fr\/index.php\/espace-pros\/#breadcrumb","itemListElement":[{"@type":"ListItem","position":1,"name":"Home","item":"https:\/\/www.leonard-psychologue.fr\/"},{"@type":"ListItem","position":2,"name":"Espace Professionnels"}]},{"@type":"WebSite","@id":"https:\/\/www.leonard-psychologue.fr\/#website","url":"https:\/\/www.leonard-psychologue.fr\/","name":"Th\u00e9rapie EMDR - Accr\u00e9dit\u00e9 EMDR Europe","description":"Psychologue \u00e0 Vincennes","publisher":{"@id":"https:\/\/www.leonard-psychologue.fr\/#organization"},"alternateName":"Th\u00e9rapie EMDR Paris","potentialAction":[{"@type":"SearchAction","target":{"@type":"EntryPoint","urlTemplate":"https:\/\/www.leonard-psychologue.fr\/?s={search_term_string}"},"query-input":{"@type":"PropertyValueSpecification","valueRequired":true,"valueName":"search_term_string"}}],"inLanguage":"fr-FR"},{"@type":"Organization","@id":"https:\/\/www.leonard-psychologue.fr\/#organization","name":"Th\u00e9rapie EMDR - Accr\u00e9dit\u00e9 EMDR Europe","url":"https:\/\/www.leonard-psychologue.fr\/","logo":{"@type":"ImageObject","inLanguage":"fr-FR","@id":"https:\/\/www.leonard-psychologue.fr\/#\/schema\/logo\/image\/","url":"https:\/\/www.leonard-psychologue.fr\/wp-content\/uploads\/2022\/03\/Psy_logo.jpg","contentUrl":"https:\/\/www.leonard-psychologue.fr\/wp-content\/uploads\/2022\/03\/Psy_logo.jpg","width":378,"height":353,"caption":"Th\u00e9rapie EMDR - Accr\u00e9dit\u00e9 EMDR Europe"},"image":{"@id":"https:\/\/www.leonard-psychologue.fr\/#\/schema\/logo\/image\/"}}]}},"jetpack_sharing_enabled":true,"featured_media_urls":[],"_links":{"self":[{"href":"https:\/\/www.leonard-psychologue.fr\/index.php\/wp-json\/wp\/v2\/pages\/327"}],"collection":[{"href":"https:\/\/www.leonard-psychologue.fr\/index.php\/wp-json\/wp\/v2\/pages"}],"about":[{"href":"https:\/\/www.leonard-psychologue.fr\/index.php\/wp-json\/wp\/v2\/types\/page"}],"author":[{"embeddable":true,"href":"https:\/\/www.leonard-psychologue.fr\/index.php\/wp-json\/wp\/v2\/users\/1"}],"replies":[{"embeddable":true,"href":"https:\/\/www.leonard-psychologue.fr\/index.php\/wp-json\/wp\/v2\/comments?post=327"}],"version-history":[{"count":12,"href":"https:\/\/www.leonard-psychologue.fr\/index.php\/wp-json\/wp\/v2\/pages\/327\/revisions"}],"predecessor-version":[{"id":950,"href":"https:\/\/www.leonard-psychologue.fr\/index.php\/wp-json\/wp\/v2\/pages\/327\/revisions\/950"}],"wp:attachment":[{"href":"https:\/\/www.leonard-psychologue.fr\/index.php\/wp-json\/wp\/v2\/media?parent=327"}],"curies":[{"name":"wp","href":"https:\/\/api.w.org\/{rel}","templated":true}]}}