{"id":41,"date":"2022-03-14T10:28:19","date_gmt":"2022-03-14T09:28:19","guid":{"rendered":"https:\/\/www.leonard-psychologue.fr\/?page_id=41"},"modified":"2025-07-18T17:25:49","modified_gmt":"2025-07-18T15:25:49","slug":"psychotherapie-adulte","status":"publish","type":"page","link":"https:\/\/www.leonard-psychologue.fr\/index.php\/psychotherapie-adulte\/","title":{"rendered":"Adultes"},"content":{"rendered":"\n<p><strong>Bienvenue dans mon espace de soin d\u00e9di\u00e9 \u00e0 la psychoth\u00e9rapie<\/strong><\/p>\n\n\n\n<p>Je re\u00e7ois nourrissons, enfants, ados et adultes. Dans certaines conditions, je peux me d\u00e9placer \u00e0 domicile.<\/p>\n\n\n\n<p>Je mets \u00e0 votre disposition les outils th\u00e9rapeutiques les plus aboutis et les plus efficaces du moment. Il s\u2019agit d\u2019outils et de proc\u00e9dures ayant fait leurs preuves qui seront adapt\u00e9s \u00e0 votre besoin. Les s\u00e9ances de psychoth\u00e9rapie sont du v\u00e9ritable sur-mesure&nbsp;!<\/p>\n\n\n\n<p>Notez que la th\u00e9rapie EMDR est accessible en intensif par module de 3h en visio-conf\u00e9rence.<\/p>\n\n\n\n<p><strong><u>Pour les adultes :<\/u><\/strong><\/p>\n\n\n\n<p><strong>Il se peut que vous soyez&nbsp;:<\/strong><\/p>\n\n\n\n<ul class=\"wp-block-list\">\n<li>Stress\u00e9<\/li>\n\n\n\n<li>Anxieux<\/li>\n\n\n\n<li>D\u00e9prim\u00e9<\/li>\n\n\n\n<li>En \u00e9tat de deuil\u00a0<\/li>\n\n\n\n<li>En conflit dans la famille ou au travail<\/li>\n\n\n\n<li>Insomniaque<\/li>\n\n\n\n<li>Pr\u00e9occup\u00e9 par votre alimentation<\/li>\n\n\n\n<li>Soucieux d\u2019am\u00e9liorer vos performances sportives ou artistiques<\/li>\n<\/ul>\n\n\n\n<p><strong>Vous voulez&nbsp;:<\/strong><\/p>\n\n\n\n<ul class=\"wp-block-list\">\n<li>Retrouver le sommeil<\/li>\n\n\n\n<li>Avoir de l\u2019\u00e9nergie<\/li>\n\n\n\n<li>Prendre du plaisir \u00e0 vivre<\/li>\n\n\n\n<li>Trouver l\u2019\u00e2me s\u0153ur<\/li>\n\n\n\n<li>Mettre en place vos projets<\/li>\n\n\n\n<li>Vous lib\u00e9rer de vos difficult\u00e9s pass\u00e9es<\/li>\n\n\n\n<li>Vous sentir mieux, tout simplement<\/li>\n<\/ul>\n\n\n\n<p><strong>La psychoth\u00e9rapie est un travail<\/strong> qui engendre des modifications profondes. Vous serez toujours le m\u00eame mais vous serez lib\u00e9r\u00e9 de ce qui entrave votre vie actuellement. Il ne s\u2019agit pas simplement de mieux se connaitre, il s\u2019agit ici de changer la perception que l\u2019on a de soi. On peut soigner ses sympt\u00f4mes et am\u00e9liorer son caract\u00e8re. Faire l\u2019exp\u00e9rience que certains \u00e9v\u00e9nements, m\u00eame si l\u2019on en garde le souvenir, ne nous font plus souffrir. L\u2019\u00e9nergie est alors relanc\u00e9e, les blocages lev\u00e9s et la cr\u00e9ativit\u00e9 prend toute sa place. Prenez le temps de quelques s\u00e9ances de soin pour pour vous occupez de vous, soigner vos blessures, mieux vous comprendre, avoir un autre regard sur votre histoire, votre famille, votre personnalit\u00e9.<\/p>\n\n\n\n<p><strong>La premi\u00e8re s\u00e9ance dure 1h<\/strong>, c\u2019est le temps de recueillir vos difficult\u00e9s actuelles, vos objectifs avec la th\u00e9rapie,  aborder quelques \u00e9l\u00e9ments de vie n\u00e9cessaire pour vous connaitre et vos ressources. C\u2019est l\u2019occasion de tester ensemble les techniques de Brainspotting, d\u2019EMDR et de TIFT pour v\u00e9rifier que cela vous correspond.<\/p>\n\n\n\n<p>Par la suite, les s\u00e9ances durent 1 heure. Il faut g\u00e9n\u00e9ralement 2 s\u00e9ances par mois pour traiter l\u2019ensemble des questions abord\u00e9es. La prise en charge globale peut aller de quelques s\u00e9ances \u00e0 plusieurs mois selon les difficult\u00e9s \u00e0 traiter et les objectifs.<\/p>\n\n\n\n<figure class=\"wp-block-image size-large\"><img fetchpriority=\"high\" decoding=\"async\" width=\"1024\" height=\"647\" src=\"https:\/\/www.leonard-psychologue.fr\/wp-content\/uploads\/2022\/03\/pexels-photo-747964-1024x647.jpeg\" alt=\"a person sitting on wooden planks across the lake scenery\" class=\"wp-image-204\" srcset=\"https:\/\/www.leonard-psychologue.fr\/wp-content\/uploads\/2022\/03\/pexels-photo-747964-1024x647.jpeg 1024w, https:\/\/www.leonard-psychologue.fr\/wp-content\/uploads\/2022\/03\/pexels-photo-747964-300x189.jpeg 300w, https:\/\/www.leonard-psychologue.fr\/wp-content\/uploads\/2022\/03\/pexels-photo-747964-768x485.jpeg 768w, https:\/\/www.leonard-psychologue.fr\/wp-content\/uploads\/2022\/03\/pexels-photo-747964-1536x970.jpeg 1536w, https:\/\/www.leonard-psychologue.fr\/wp-content\/uploads\/2022\/03\/pexels-photo-747964-184x116.jpeg 184w, https:\/\/www.leonard-psychologue.fr\/wp-content\/uploads\/2022\/03\/pexels-photo-747964.jpeg 1880w\" sizes=\"(max-width: 1024px) 100vw, 1024px\" \/><figcaption class=\"wp-element-caption\">Photo by S Migaj on <a href=\"https:\/\/www.pexels.com\/photo\/a-person-sitting-on-wooden-planks-across-the-lake-scenery-747964\/\" rel=\"nofollow\">Pexels.com<\/a><\/figcaption><\/figure>\n","protected":false},"excerpt":{"rendered":"<p>Bienvenue dans mon espace de soin d\u00e9di\u00e9 \u00e0 la psychoth\u00e9rapie Je re\u00e7ois nourrissons, enfants, ados et adultes. Dans certaines conditions, je peux me d\u00e9placer \u00e0 domicile. Je mets \u00e0 votre disposition les outils th\u00e9rapeutiques les plus aboutis et les plus efficaces du moment. Il s\u2019agit d\u2019outils et de proc\u00e9dures ayant fait leurs preuves qui seront [&hellip;]<\/p>\n","protected":false},"author":1,"featured_media":0,"parent":0,"menu_order":0,"comment_status":"closed","ping_status":"closed","template":"","meta":{"footnotes":""},"class_list":["post-41","page","type-page","status-publish","hentry"],"yoast_head":"<!-- This site is optimized with the Yoast SEO plugin v25.2 - https:\/\/yoast.com\/wordpress\/plugins\/seo\/ -->\n<title>Adultes - Th\u00e9rapie EMDR<\/title>\n<meta name=\"description\" content=\"Th\u00e9rapies EMDR pour adultes \u00e0 Vincennes : stress, anxi\u00e9t\u00e9, d\u00e9pression, deuil. Accompagnement bienveillant et efficace, en cabinet ou visio.\" \/>\n<meta name=\"robots\" content=\"index, follow, max-snippet:-1, max-image-preview:large, max-video-preview:-1\" \/>\n<link rel=\"canonical\" href=\"https:\/\/www.leonard-psychologue.fr\/index.php\/psychotherapie-adulte\/\" \/>\n<meta property=\"og:locale\" content=\"fr_FR\" \/>\n<meta property=\"og:type\" content=\"article\" \/>\n<meta property=\"og:title\" content=\"Adultes - Th\u00e9rapie EMDR\" \/>\n<meta property=\"og:description\" content=\"Th\u00e9rapies EMDR pour adultes \u00e0 Vincennes : stress, anxi\u00e9t\u00e9, d\u00e9pression, deuil. Accompagnement bienveillant et efficace, en cabinet ou visio.\" \/>\n<meta property=\"og:url\" content=\"https:\/\/www.leonard-psychologue.fr\/index.php\/psychotherapie-adulte\/\" \/>\n<meta property=\"og:site_name\" content=\"Th\u00e9rapie EMDR\" \/>\n<meta property=\"article:modified_time\" content=\"2025-07-18T15:25:49+00:00\" \/>\n<meta property=\"og:image\" content=\"https:\/\/www.leonard-psychologue.fr\/wp-content\/uploads\/2022\/03\/pexels-photo-747964.jpeg\" \/>\n\t<meta property=\"og:image:width\" content=\"1880\" \/>\n\t<meta property=\"og:image:height\" content=\"1187\" \/>\n\t<meta property=\"og:image:type\" content=\"image\/jpeg\" \/>\n<meta name=\"twitter:card\" content=\"summary_large_image\" \/>\n<meta name=\"twitter:label1\" content=\"Dur\u00e9e de lecture estim\u00e9e\" \/>\n\t<meta name=\"twitter:data1\" content=\"3 minutes\" \/>\n<script type=\"application\/ld+json\" class=\"yoast-schema-graph\">{\"@context\":\"https:\/\/schema.org\",\"@graph\":[{\"@type\":\"WebPage\",\"@id\":\"https:\/\/www.leonard-psychologue.fr\/index.php\/psychotherapie-adulte\/\",\"url\":\"https:\/\/www.leonard-psychologue.fr\/index.php\/psychotherapie-adulte\/\",\"name\":\"Adultes - Th\u00e9rapie EMDR\",\"isPartOf\":{\"@id\":\"https:\/\/www.leonard-psychologue.fr\/#website\"},\"primaryImageOfPage\":{\"@id\":\"https:\/\/www.leonard-psychologue.fr\/index.php\/psychotherapie-adulte\/#primaryimage\"},\"image\":{\"@id\":\"https:\/\/www.leonard-psychologue.fr\/index.php\/psychotherapie-adulte\/#primaryimage\"},\"thumbnailUrl\":\"https:\/\/www.leonard-psychologue.fr\/wp-content\/uploads\/2022\/03\/pexels-photo-747964-1024x647.jpeg\",\"datePublished\":\"2022-03-14T09:28:19+00:00\",\"dateModified\":\"2025-07-18T15:25:49+00:00\",\"description\":\"Th\u00e9rapies EMDR pour adultes \u00e0 Vincennes : stress, anxi\u00e9t\u00e9, d\u00e9pression, deuil. Accompagnement bienveillant et efficace, en cabinet ou visio.\",\"breadcrumb\":{\"@id\":\"https:\/\/www.leonard-psychologue.fr\/index.php\/psychotherapie-adulte\/#breadcrumb\"},\"inLanguage\":\"fr-FR\",\"potentialAction\":[{\"@type\":\"ReadAction\",\"target\":[\"https:\/\/www.leonard-psychologue.fr\/index.php\/psychotherapie-adulte\/\"]}]},{\"@type\":\"ImageObject\",\"inLanguage\":\"fr-FR\",\"@id\":\"https:\/\/www.leonard-psychologue.fr\/index.php\/psychotherapie-adulte\/#primaryimage\",\"url\":\"https:\/\/www.leonard-psychologue.fr\/wp-content\/uploads\/2022\/03\/pexels-photo-747964.jpeg\",\"contentUrl\":\"https:\/\/www.leonard-psychologue.fr\/wp-content\/uploads\/2022\/03\/pexels-photo-747964.jpeg\",\"width\":1880,\"height\":1187,\"caption\":\"Photo by S Migaj on Pexels.com\"},{\"@type\":\"BreadcrumbList\",\"@id\":\"https:\/\/www.leonard-psychologue.fr\/index.php\/psychotherapie-adulte\/#breadcrumb\",\"itemListElement\":[{\"@type\":\"ListItem\",\"position\":1,\"name\":\"Home\",\"item\":\"https:\/\/www.leonard-psychologue.fr\/\"},{\"@type\":\"ListItem\",\"position\":2,\"name\":\"Adultes\"}]},{\"@type\":\"WebSite\",\"@id\":\"https:\/\/www.leonard-psychologue.fr\/#website\",\"url\":\"https:\/\/www.leonard-psychologue.fr\/\",\"name\":\"Th\u00e9rapie EMDR - Accr\u00e9dit\u00e9 EMDR Europe\",\"description\":\"Psychologue \u00e0 Vincennes\",\"publisher\":{\"@id\":\"https:\/\/www.leonard-psychologue.fr\/#organization\"},\"alternateName\":\"Th\u00e9rapie EMDR Paris\",\"potentialAction\":[{\"@type\":\"SearchAction\",\"target\":{\"@type\":\"EntryPoint\",\"urlTemplate\":\"https:\/\/www.leonard-psychologue.fr\/?s={search_term_string}\"},\"query-input\":{\"@type\":\"PropertyValueSpecification\",\"valueRequired\":true,\"valueName\":\"search_term_string\"}}],\"inLanguage\":\"fr-FR\"},{\"@type\":\"Organization\",\"@id\":\"https:\/\/www.leonard-psychologue.fr\/#organization\",\"name\":\"Th\u00e9rapie EMDR - Accr\u00e9dit\u00e9 EMDR Europe\",\"url\":\"https:\/\/www.leonard-psychologue.fr\/\",\"logo\":{\"@type\":\"ImageObject\",\"inLanguage\":\"fr-FR\",\"@id\":\"https:\/\/www.leonard-psychologue.fr\/#\/schema\/logo\/image\/\",\"url\":\"https:\/\/www.leonard-psychologue.fr\/wp-content\/uploads\/2022\/03\/Psy_logo.jpg\",\"contentUrl\":\"https:\/\/www.leonard-psychologue.fr\/wp-content\/uploads\/2022\/03\/Psy_logo.jpg\",\"width\":378,\"height\":353,\"caption\":\"Th\u00e9rapie EMDR - Accr\u00e9dit\u00e9 EMDR Europe\"},\"image\":{\"@id\":\"https:\/\/www.leonard-psychologue.fr\/#\/schema\/logo\/image\/\"}}]}<\/script>\n<!-- \/ Yoast SEO plugin. -->","yoast_head_json":{"title":"Adultes - Th\u00e9rapie EMDR","description":"Th\u00e9rapies EMDR pour adultes \u00e0 Vincennes : stress, anxi\u00e9t\u00e9, d\u00e9pression, deuil. Accompagnement bienveillant et efficace, en cabinet ou visio.","robots":{"index":"index","follow":"follow","max-snippet":"max-snippet:-1","max-image-preview":"max-image-preview:large","max-video-preview":"max-video-preview:-1"},"canonical":"https:\/\/www.leonard-psychologue.fr\/index.php\/psychotherapie-adulte\/","og_locale":"fr_FR","og_type":"article","og_title":"Adultes - Th\u00e9rapie EMDR","og_description":"Th\u00e9rapies EMDR pour adultes \u00e0 Vincennes : stress, anxi\u00e9t\u00e9, d\u00e9pression, deuil. Accompagnement bienveillant et efficace, en cabinet ou visio.","og_url":"https:\/\/www.leonard-psychologue.fr\/index.php\/psychotherapie-adulte\/","og_site_name":"Th\u00e9rapie EMDR","article_modified_time":"2025-07-18T15:25:49+00:00","og_image":[{"width":1880,"height":1187,"url":"https:\/\/www.leonard-psychologue.fr\/wp-content\/uploads\/2022\/03\/pexels-photo-747964.jpeg","type":"image\/jpeg"}],"twitter_card":"summary_large_image","twitter_misc":{"Dur\u00e9e de lecture estim\u00e9e":"3 minutes"},"schema":{"@context":"https:\/\/schema.org","@graph":[{"@type":"WebPage","@id":"https:\/\/www.leonard-psychologue.fr\/index.php\/psychotherapie-adulte\/","url":"https:\/\/www.leonard-psychologue.fr\/index.php\/psychotherapie-adulte\/","name":"Adultes - Th\u00e9rapie EMDR","isPartOf":{"@id":"https:\/\/www.leonard-psychologue.fr\/#website"},"primaryImageOfPage":{"@id":"https:\/\/www.leonard-psychologue.fr\/index.php\/psychotherapie-adulte\/#primaryimage"},"image":{"@id":"https:\/\/www.leonard-psychologue.fr\/index.php\/psychotherapie-adulte\/#primaryimage"},"thumbnailUrl":"https:\/\/www.leonard-psychologue.fr\/wp-content\/uploads\/2022\/03\/pexels-photo-747964-1024x647.jpeg","datePublished":"2022-03-14T09:28:19+00:00","dateModified":"2025-07-18T15:25:49+00:00","description":"Th\u00e9rapies EMDR pour adultes \u00e0 Vincennes : stress, anxi\u00e9t\u00e9, d\u00e9pression, deuil. Accompagnement bienveillant et efficace, en cabinet ou visio.","breadcrumb":{"@id":"https:\/\/www.leonard-psychologue.fr\/index.php\/psychotherapie-adulte\/#breadcrumb"},"inLanguage":"fr-FR","potentialAction":[{"@type":"ReadAction","target":["https:\/\/www.leonard-psychologue.fr\/index.php\/psychotherapie-adulte\/"]}]},{"@type":"ImageObject","inLanguage":"fr-FR","@id":"https:\/\/www.leonard-psychologue.fr\/index.php\/psychotherapie-adulte\/#primaryimage","url":"https:\/\/www.leonard-psychologue.fr\/wp-content\/uploads\/2022\/03\/pexels-photo-747964.jpeg","contentUrl":"https:\/\/www.leonard-psychologue.fr\/wp-content\/uploads\/2022\/03\/pexels-photo-747964.jpeg","width":1880,"height":1187,"caption":"Photo by S Migaj on Pexels.com"},{"@type":"BreadcrumbList","@id":"https:\/\/www.leonard-psychologue.fr\/index.php\/psychotherapie-adulte\/#breadcrumb","itemListElement":[{"@type":"ListItem","position":1,"name":"Home","item":"https:\/\/www.leonard-psychologue.fr\/"},{"@type":"ListItem","position":2,"name":"Adultes"}]},{"@type":"WebSite","@id":"https:\/\/www.leonard-psychologue.fr\/#website","url":"https:\/\/www.leonard-psychologue.fr\/","name":"Th\u00e9rapie EMDR - Accr\u00e9dit\u00e9 EMDR Europe","description":"Psychologue \u00e0 Vincennes","publisher":{"@id":"https:\/\/www.leonard-psychologue.fr\/#organization"},"alternateName":"Th\u00e9rapie EMDR Paris","potentialAction":[{"@type":"SearchAction","target":{"@type":"EntryPoint","urlTemplate":"https:\/\/www.leonard-psychologue.fr\/?s={search_term_string}"},"query-input":{"@type":"PropertyValueSpecification","valueRequired":true,"valueName":"search_term_string"}}],"inLanguage":"fr-FR"},{"@type":"Organization","@id":"https:\/\/www.leonard-psychologue.fr\/#organization","name":"Th\u00e9rapie EMDR - Accr\u00e9dit\u00e9 EMDR Europe","url":"https:\/\/www.leonard-psychologue.fr\/","logo":{"@type":"ImageObject","inLanguage":"fr-FR","@id":"https:\/\/www.leonard-psychologue.fr\/#\/schema\/logo\/image\/","url":"https:\/\/www.leonard-psychologue.fr\/wp-content\/uploads\/2022\/03\/Psy_logo.jpg","contentUrl":"https:\/\/www.leonard-psychologue.fr\/wp-content\/uploads\/2022\/03\/Psy_logo.jpg","width":378,"height":353,"caption":"Th\u00e9rapie EMDR - Accr\u00e9dit\u00e9 EMDR Europe"},"image":{"@id":"https:\/\/www.leonard-psychologue.fr\/#\/schema\/logo\/image\/"}}]}},"jetpack_sharing_enabled":true,"featured_media_urls":[],"_links":{"self":[{"href":"https:\/\/www.leonard-psychologue.fr\/index.php\/wp-json\/wp\/v2\/pages\/41"}],"collection":[{"href":"https:\/\/www.leonard-psychologue.fr\/index.php\/wp-json\/wp\/v2\/pages"}],"about":[{"href":"https:\/\/www.leonard-psychologue.fr\/index.php\/wp-json\/wp\/v2\/types\/page"}],"author":[{"embeddable":true,"href":"https:\/\/www.leonard-psychologue.fr\/index.php\/wp-json\/wp\/v2\/users\/1"}],"replies":[{"embeddable":true,"href":"https:\/\/www.leonard-psychologue.fr\/index.php\/wp-json\/wp\/v2\/comments?post=41"}],"version-history":[{"count":12,"href":"https:\/\/www.leonard-psychologue.fr\/index.php\/wp-json\/wp\/v2\/pages\/41\/revisions"}],"predecessor-version":[{"id":543,"href":"https:\/\/www.leonard-psychologue.fr\/index.php\/wp-json\/wp\/v2\/pages\/41\/revisions\/543"}],"wp:attachment":[{"href":"https:\/\/www.leonard-psychologue.fr\/index.php\/wp-json\/wp\/v2\/media?parent=41"}],"curies":[{"name":"wp","href":"https:\/\/api.w.org\/{rel}","templated":true}]}}